{"id":9,"date":"2025-09-02T10:26:04","date_gmt":"2025-09-02T08:26:04","guid":{"rendered":"http:\/\/ninodurevealarealite.fr\/?page_id=9"},"modified":"2025-12-06T16:17:39","modified_gmt":"2025-12-06T15:17:39","slug":"accueil","status":"publish","type":"page","link":"https:\/\/ninodurevealarealite.fr\/","title":{"rendered":"Accueil"},"content":{"rendered":"\t\t<div data-elementor-type=\"wp-page\" data-elementor-id=\"9\" class=\"elementor elementor-9\">\n\t\t\t\t<div class=\"elementor-element elementor-element-4fa0913 e-con-full e-flex e-con e-parent\" data-id=\"4fa0913\" data-element_type=\"container\" data-e-type=\"container\">\n\t\t\t\t<div class=\"elementor-element elementor-element-9dd7c48 elementor-widget__width-initial elementor-widget elementor-widget-heading\" data-id=\"9dd7c48\" data-element_type=\"widget\" data-e-type=\"widget\" data-widget_type=\"heading.default\">\n\t\t\t\t\t<h1 class=\"elementor-heading-title elementor-size-default\">\nL'Association\n\n\n<br>Nino du R\u00eave \u00e0 la R\u00e9alit\u00e9<br>  \n<\/h1>\t\t\t\t<\/div>\n\t\t\t\t<div class=\"elementor-element elementor-element-cf6158a elementor-widget elementor-widget-text-editor\" data-id=\"cf6158a\" data-element_type=\"widget\" data-e-type=\"widget\" data-widget_type=\"text-editor.default\">\n\t\t\t\t\t\t\t\t\t<p><span class=\"a_GcMg font-feature-liga-off font-feature-clig-off font-feature-calt-off text-decoration-none text-strikethrough-none\"><img decoding=\"async\" class=\"wp-image-39 alignright\" src=\"http:\/\/ninodurevealarealite.fr\/wp-content\/uploads\/2025\/09\/Coccinelle.jpg\" alt=\"\" width=\"133\" height=\"66\" \/>\u00a0<\/span><\/p><h4>\u00a0<\/h4><h4><span class=\"a_GcMg font-feature-liga-off font-feature-clig-off font-feature-calt-off text-decoration-none text-strikethrough-none\">L\u2019association \u201cNino du R\u00eave \u00e0 la R\u00e9alit\u00e9\u201d est n\u00e9e le 14 juillet 2024.<\/span><\/h4><h4><span class=\"a_GcMg font-feature-liga-off font-feature-clig-off font-feature-calt-off text-decoration-none text-strikethrough-none\"><br \/><\/span><span class=\"a_GcMg font-feature-liga-off font-feature-clig-off font-feature-calt-off text-decoration-none text-strikethrough-none\">Suite \u00e0 notre v\u00e9cu, nous sommes maintenant conscients qu&#8217;il existe de nombreuses possibilit\u00e9s pour lutter contre les cons\u00e9quences de la pr\u00e9maturit\u00e9 et du polyhandicap.<\/span><\/h4><h4><span class=\"a_GcMg font-feature-liga-off font-feature-clig-off font-feature-calt-off text-decoration-none text-strikethrough-none\"><br \/><\/span><span class=\"a_GcMg font-feature-liga-off font-feature-clig-off font-feature-calt-off text-decoration-none text-strikethrough-none\">Notre but est d&#8217;apporter notre soutien aux enfants n\u00e9s pr\u00e9matur\u00e9ment, qui pr\u00e9sentent des s\u00e9quelles et\/ou qui font face \u00e0 une situation de polyhandicap.<\/span><\/h4><h4><span class=\"a_GcMg font-feature-liga-off font-feature-clig-off font-feature-calt-off text-decoration-none text-strikethrough-none\"><br \/><\/span><span class=\"a_GcMg font-feature-liga-off font-feature-clig-off font-feature-calt-off text-decoration-none text-strikethrough-none\">L&#8217;envie de partager nos connaissances avec leurs parents est n\u00e9e de notre exp\u00e9rience, en les informant et en les accompagnant dans un large \u00e9ventail de possibilit\u00e9s.<\/span><\/h4><h4><span class=\"a_GcMg font-feature-liga-off font-feature-clig-off font-feature-calt-off text-decoration-none text-strikethrough-none\"><br \/><\/span><span class=\"a_GcMg font-feature-liga-off font-feature-clig-off font-feature-calt-off text-decoration-none text-strikethrough-none\">Nous avons choisi Nino pour repr\u00e9senter notre association, car depuis sa venue au monde, il d\u00e9fie les pronostics, insuffle de l&#8217;espoir et prouve que tout est r\u00e9alisable.<\/span><\/h4>\t\t\t\t\t\t\t\t<\/div>\n\t\t\t\t<\/div>\n\t\t<div class=\"elementor-element elementor-element-29c4d3a e-flex e-con-boxed e-con e-parent\" data-id=\"29c4d3a\" data-element_type=\"container\" data-e-type=\"container\">\n\t\t\t\t\t<div class=\"e-con-inner\">\n\t\t<div class=\"elementor-element elementor-element-ab77528 e-con-full e-flex e-con e-child\" data-id=\"ab77528\" data-element_type=\"container\" data-e-type=\"container\">\n\t\t\t\t<div class=\"elementor-element elementor-element-ccd6bee elementor-widget elementor-widget-image\" data-id=\"ccd6bee\" data-element_type=\"widget\" data-e-type=\"widget\" data-widget_type=\"image.default\">\n\t\t\t\t\t\t\t\t\t\t\t\t\t\t\t<img decoding=\"async\" width=\"205\" height=\"102\" src=\"https:\/\/ninodurevealarealite.fr\/wp-content\/uploads\/2025\/09\/Coccinelle.jpg\" class=\"attachment-large size-large wp-image-39\" alt=\"\" \/>\t\t\t\t\t\t\t\t\t\t\t\t\t\t\t<\/div>\n\t\t\t\t<\/div>\n\t\t<div class=\"elementor-element elementor-element-e07b4cc e-con-full e-flex e-con e-child\" data-id=\"e07b4cc\" data-element_type=\"container\" data-e-type=\"container\">\n\t\t\t\t<div class=\"elementor-element elementor-element-798ab00 elementor-widget elementor-widget-image\" data-id=\"798ab00\" data-element_type=\"widget\" data-e-type=\"widget\" data-widget_type=\"image.default\">\n\t\t\t\t\t\t\t\t\t\t\t\t\t\t\t<img fetchpriority=\"high\" decoding=\"async\" width=\"354\" height=\"262\" src=\"https:\/\/ninodurevealarealite.fr\/wp-content\/uploads\/2025\/10\/PHOTO-ACCUEIL-SITE.png\" class=\"attachment-2048x2048 size-2048x2048 wp-image-146\" alt=\"\" srcset=\"https:\/\/ninodurevealarealite.fr\/wp-content\/uploads\/2025\/10\/PHOTO-ACCUEIL-SITE.png 354w, https:\/\/ninodurevealarealite.fr\/wp-content\/uploads\/2025\/10\/PHOTO-ACCUEIL-SITE-300x222.png 300w\" sizes=\"(max-width: 354px) 100vw, 354px\" \/>\t\t\t\t\t\t\t\t\t\t\t\t\t\t\t<\/div>\n\t\t\t\t<\/div>\n\t\t<div class=\"elementor-element elementor-element-5b0de22 e-con-full e-flex e-con e-child\" data-id=\"5b0de22\" data-element_type=\"container\" data-e-type=\"container\">\n\t\t\t\t<div class=\"elementor-element elementor-element-2efd226 elementor-widget__width-initial elementor-widget elementor-widget-video\" data-id=\"2efd226\" data-element_type=\"widget\" data-e-type=\"widget\" data-settings=\"{&quot;video_type&quot;:&quot;hosted&quot;,&quot;controls&quot;:&quot;yes&quot;}\" data-widget_type=\"video.default\">\n\t\t\t\t\t\t\t<div class=\"e-hosted-video elementor-wrapper elementor-open-inline\">\n\t\t\t\t\t<video class=\"elementor-video\" src=\"http:\/\/ninodurevealarealite.fr\/wp-content\/uploads\/2025\/11\/Video-Nino-2024-2.mp4\" controls=\"\" preload=\"auto\" controlsList=\"nodownload\"><\/video>\n\t\t\t\t<\/div>\n\t\t\t\t\t\t<\/div>\n\t\t\t\t<\/div>\n\t\t\t\t<div class=\"elementor-element elementor-element-435ff5c elementor-widget elementor-widget-image\" data-id=\"435ff5c\" data-element_type=\"widget\" data-e-type=\"widget\" data-widget_type=\"image.default\">\n\t\t\t\t\t\t\t\t\t\t\t\t\t\t\t<img decoding=\"async\" src=\"https:\/\/ninodurevealarealite.fr\/wp-content\/uploads\/2025\/09\/soleil.png\" title=\"soleil\" alt=\"soleil\" loading=\"lazy\" \/>\t\t\t\t\t\t\t\t\t\t\t\t\t\t\t<\/div>\n\t\t\t\t\t<\/div>\n\t\t\t\t<\/div>\n\t\t\t\t<\/div>\n\t\t","protected":false},"excerpt":{"rendered":"<p>L&#8217;Association Nino du R\u00eave \u00e0 la R\u00e9alit\u00e9 \u00a0 \u00a0 L\u2019association \u201cNino du R\u00eave \u00e0 la R\u00e9alit\u00e9\u201d est n\u00e9e le 14 juillet 2024. Suite \u00e0 notre v\u00e9cu, nous sommes maintenant conscients qu&#8217;il existe de nombreuses possibilit\u00e9s pour lutter contre les cons\u00e9quences de la pr\u00e9maturit\u00e9 et du polyhandicap. Notre but est d&#8217;apporter notre soutien aux enfants n\u00e9s [&hellip;]<\/p>\n","protected":false},"author":2,"featured_media":62,"parent":0,"menu_order":0,"comment_status":"closed","ping_status":"closed","template":"","meta":{"_uag_custom_page_level_css":"","footnotes":""},"class_list":["post-9","page","type-page","status-publish","has-post-thumbnail","hentry","entry","has-media"],"yoast_head":"<!-- This site is optimized with the Yoast SEO plugin v27.3 - https:\/\/yoast.com\/product\/yoast-seo-wordpress\/ -->\n<title>Accueil - Association Nino du r\u00eave \u00e0 la r\u00e9alit\u00e9<\/title>\n<meta name=\"robots\" content=\"index, follow, max-snippet:-1, max-image-preview:large, max-video-preview:-1\" \/>\n<link rel=\"canonical\" href=\"https:\/\/ninodurevealarealite.fr\/\" \/>\n<meta property=\"og:locale\" content=\"en_US\" \/>\n<meta property=\"og:type\" content=\"article\" \/>\n<meta property=\"og:title\" content=\"Accueil - Association Nino du r\u00eave \u00e0 la r\u00e9alit\u00e9\" \/>\n<meta property=\"og:description\" content=\"L&#8217;Association Nino du R\u00eave \u00e0 la R\u00e9alit\u00e9 \u00a0 \u00a0 L\u2019association \u201cNino du R\u00eave \u00e0 la R\u00e9alit\u00e9\u201d est n\u00e9e le 14 juillet 2024. Suite \u00e0 notre v\u00e9cu, nous sommes maintenant conscients qu&#8217;il existe de nombreuses possibilit\u00e9s pour lutter contre les cons\u00e9quences de la pr\u00e9maturit\u00e9 et du polyhandicap. Notre but est d&#8217;apporter notre soutien aux enfants n\u00e9s [&hellip;]\" \/>\n<meta property=\"og:url\" content=\"https:\/\/ninodurevealarealite.fr\/\" \/>\n<meta property=\"og:site_name\" content=\"Association Nino du r\u00eave \u00e0 la r\u00e9alit\u00e9\" \/>\n<meta property=\"article:modified_time\" content=\"2025-12-06T15:17:39+00:00\" \/>\n<meta property=\"og:image\" content=\"http:\/\/ninodurevealarealite.fr\/wp-content\/uploads\/2025\/09\/nino.jpg\" \/>\n\t<meta property=\"og:image:width\" content=\"479\" \/>\n\t<meta property=\"og:image:height\" content=\"318\" \/>\n\t<meta property=\"og:image:type\" content=\"image\/jpeg\" \/>\n<meta name=\"twitter:card\" content=\"summary_large_image\" \/>\n<meta name=\"twitter:label1\" content=\"Est. reading time\" \/>\n\t<meta name=\"twitter:data1\" content=\"1 minute\" \/>\n<script type=\"application\/ld+json\" class=\"yoast-schema-graph\">{\"@context\":\"https:\\\/\\\/schema.org\",\"@graph\":[{\"@type\":\"WebPage\",\"@id\":\"https:\\\/\\\/ninodurevealarealite.fr\\\/\",\"url\":\"https:\\\/\\\/ninodurevealarealite.fr\\\/\",\"name\":\"Accueil - Association Nino du r\u00eave \u00e0 la r\u00e9alit\u00e9\",\"isPartOf\":{\"@id\":\"https:\\\/\\\/ninodurevealarealite.fr\\\/#website\"},\"primaryImageOfPage\":{\"@id\":\"https:\\\/\\\/ninodurevealarealite.fr\\\/#primaryimage\"},\"image\":{\"@id\":\"https:\\\/\\\/ninodurevealarealite.fr\\\/#primaryimage\"},\"thumbnailUrl\":\"https:\\\/\\\/ninodurevealarealite.fr\\\/wp-content\\\/uploads\\\/2025\\\/09\\\/nino.jpg\",\"datePublished\":\"2025-09-02T08:26:04+00:00\",\"dateModified\":\"2025-12-06T15:17:39+00:00\",\"breadcrumb\":{\"@id\":\"https:\\\/\\\/ninodurevealarealite.fr\\\/#breadcrumb\"},\"inLanguage\":\"en-US\",\"potentialAction\":[{\"@type\":\"ReadAction\",\"target\":[\"https:\\\/\\\/ninodurevealarealite.fr\\\/\"]}]},{\"@type\":\"ImageObject\",\"inLanguage\":\"en-US\",\"@id\":\"https:\\\/\\\/ninodurevealarealite.fr\\\/#primaryimage\",\"url\":\"https:\\\/\\\/ninodurevealarealite.fr\\\/wp-content\\\/uploads\\\/2025\\\/09\\\/nino.jpg\",\"contentUrl\":\"https:\\\/\\\/ninodurevealarealite.fr\\\/wp-content\\\/uploads\\\/2025\\\/09\\\/nino.jpg\",\"width\":479,\"height\":318},{\"@type\":\"BreadcrumbList\",\"@id\":\"https:\\\/\\\/ninodurevealarealite.fr\\\/#breadcrumb\",\"itemListElement\":[{\"@type\":\"ListItem\",\"position\":1,\"name\":\"Accueil\",\"item\":\"https:\\\/\\\/ninodurevealarealite.fr\\\/\"},{\"@type\":\"ListItem\",\"position\":2,\"name\":\"Accueil\"}]},{\"@type\":\"WebSite\",\"@id\":\"https:\\\/\\\/ninodurevealarealite.fr\\\/#website\",\"url\":\"https:\\\/\\\/ninodurevealarealite.fr\\\/\",\"name\":\"Association Nino du r\u00eave \u00e0 la r\u00e9alit\u00e9\",\"description\":\"Du R\u00eave \u00e0 la R\u00e9alit\u00e9\",\"publisher\":{\"@id\":\"https:\\\/\\\/ninodurevealarealite.fr\\\/#organization\"},\"potentialAction\":[{\"@type\":\"SearchAction\",\"target\":{\"@type\":\"EntryPoint\",\"urlTemplate\":\"https:\\\/\\\/ninodurevealarealite.fr\\\/?s={search_term_string}\"},\"query-input\":{\"@type\":\"PropertyValueSpecification\",\"valueRequired\":true,\"valueName\":\"search_term_string\"}}],\"inLanguage\":\"en-US\"},{\"@type\":\"Organization\",\"@id\":\"https:\\\/\\\/ninodurevealarealite.fr\\\/#organization\",\"name\":\"Association Nino du r\u00eave \u00e0 la r\u00e9alit\u00e9\",\"url\":\"https:\\\/\\\/ninodurevealarealite.fr\\\/\",\"logo\":{\"@type\":\"ImageObject\",\"inLanguage\":\"en-US\",\"@id\":\"https:\\\/\\\/ninodurevealarealite.fr\\\/#\\\/schema\\\/logo\\\/image\\\/\",\"url\":\"https:\\\/\\\/ninodurevealarealite.fr\\\/wp-content\\\/uploads\\\/2025\\\/10\\\/Page-telechargement-Quentin.png\",\"contentUrl\":\"https:\\\/\\\/ninodurevealarealite.fr\\\/wp-content\\\/uploads\\\/2025\\\/10\\\/Page-telechargement-Quentin.png\",\"width\":683,\"height\":384,\"caption\":\"Association Nino du r\u00eave \u00e0 la r\u00e9alit\u00e9\"},\"image\":{\"@id\":\"https:\\\/\\\/ninodurevealarealite.fr\\\/#\\\/schema\\\/logo\\\/image\\\/\"}}]}<\/script>\n<!-- \/ Yoast SEO plugin. -->","yoast_head_json":{"title":"Accueil - Association Nino du r\u00eave \u00e0 la r\u00e9alit\u00e9","robots":{"index":"index","follow":"follow","max-snippet":"max-snippet:-1","max-image-preview":"max-image-preview:large","max-video-preview":"max-video-preview:-1"},"canonical":"https:\/\/ninodurevealarealite.fr\/","og_locale":"en_US","og_type":"article","og_title":"Accueil - Association Nino du r\u00eave \u00e0 la r\u00e9alit\u00e9","og_description":"L&#8217;Association Nino du R\u00eave \u00e0 la R\u00e9alit\u00e9 \u00a0 \u00a0 L\u2019association \u201cNino du R\u00eave \u00e0 la R\u00e9alit\u00e9\u201d est n\u00e9e le 14 juillet 2024. Suite \u00e0 notre v\u00e9cu, nous sommes maintenant conscients qu&#8217;il existe de nombreuses possibilit\u00e9s pour lutter contre les cons\u00e9quences de la pr\u00e9maturit\u00e9 et du polyhandicap. Notre but est d&#8217;apporter notre soutien aux enfants n\u00e9s [&hellip;]","og_url":"https:\/\/ninodurevealarealite.fr\/","og_site_name":"Association Nino du r\u00eave \u00e0 la r\u00e9alit\u00e9","article_modified_time":"2025-12-06T15:17:39+00:00","og_image":[{"width":479,"height":318,"url":"http:\/\/ninodurevealarealite.fr\/wp-content\/uploads\/2025\/09\/nino.jpg","type":"image\/jpeg"}],"twitter_card":"summary_large_image","twitter_misc":{"Est. reading time":"1 minute"},"schema":{"@context":"https:\/\/schema.org","@graph":[{"@type":"WebPage","@id":"https:\/\/ninodurevealarealite.fr\/","url":"https:\/\/ninodurevealarealite.fr\/","name":"Accueil - Association Nino du r\u00eave \u00e0 la r\u00e9alit\u00e9","isPartOf":{"@id":"https:\/\/ninodurevealarealite.fr\/#website"},"primaryImageOfPage":{"@id":"https:\/\/ninodurevealarealite.fr\/#primaryimage"},"image":{"@id":"https:\/\/ninodurevealarealite.fr\/#primaryimage"},"thumbnailUrl":"https:\/\/ninodurevealarealite.fr\/wp-content\/uploads\/2025\/09\/nino.jpg","datePublished":"2025-09-02T08:26:04+00:00","dateModified":"2025-12-06T15:17:39+00:00","breadcrumb":{"@id":"https:\/\/ninodurevealarealite.fr\/#breadcrumb"},"inLanguage":"en-US","potentialAction":[{"@type":"ReadAction","target":["https:\/\/ninodurevealarealite.fr\/"]}]},{"@type":"ImageObject","inLanguage":"en-US","@id":"https:\/\/ninodurevealarealite.fr\/#primaryimage","url":"https:\/\/ninodurevealarealite.fr\/wp-content\/uploads\/2025\/09\/nino.jpg","contentUrl":"https:\/\/ninodurevealarealite.fr\/wp-content\/uploads\/2025\/09\/nino.jpg","width":479,"height":318},{"@type":"BreadcrumbList","@id":"https:\/\/ninodurevealarealite.fr\/#breadcrumb","itemListElement":[{"@type":"ListItem","position":1,"name":"Accueil","item":"https:\/\/ninodurevealarealite.fr\/"},{"@type":"ListItem","position":2,"name":"Accueil"}]},{"@type":"WebSite","@id":"https:\/\/ninodurevealarealite.fr\/#website","url":"https:\/\/ninodurevealarealite.fr\/","name":"Association Nino du r\u00eave \u00e0 la r\u00e9alit\u00e9","description":"Du R\u00eave \u00e0 la R\u00e9alit\u00e9","publisher":{"@id":"https:\/\/ninodurevealarealite.fr\/#organization"},"potentialAction":[{"@type":"SearchAction","target":{"@type":"EntryPoint","urlTemplate":"https:\/\/ninodurevealarealite.fr\/?s={search_term_string}"},"query-input":{"@type":"PropertyValueSpecification","valueRequired":true,"valueName":"search_term_string"}}],"inLanguage":"en-US"},{"@type":"Organization","@id":"https:\/\/ninodurevealarealite.fr\/#organization","name":"Association Nino du r\u00eave \u00e0 la r\u00e9alit\u00e9","url":"https:\/\/ninodurevealarealite.fr\/","logo":{"@type":"ImageObject","inLanguage":"en-US","@id":"https:\/\/ninodurevealarealite.fr\/#\/schema\/logo\/image\/","url":"https:\/\/ninodurevealarealite.fr\/wp-content\/uploads\/2025\/10\/Page-telechargement-Quentin.png","contentUrl":"https:\/\/ninodurevealarealite.fr\/wp-content\/uploads\/2025\/10\/Page-telechargement-Quentin.png","width":683,"height":384,"caption":"Association Nino du r\u00eave \u00e0 la r\u00e9alit\u00e9"},"image":{"@id":"https:\/\/ninodurevealarealite.fr\/#\/schema\/logo\/image\/"}}]}},"uagb_featured_image_src":{"full":["https:\/\/ninodurevealarealite.fr\/wp-content\/uploads\/2025\/09\/nino.jpg",479,318,false],"thumbnail":["https:\/\/ninodurevealarealite.fr\/wp-content\/uploads\/2025\/09\/nino-150x150.jpg",150,150,true],"medium":["https:\/\/ninodurevealarealite.fr\/wp-content\/uploads\/2025\/09\/nino-300x199.jpg",300,199,true],"medium_large":["https:\/\/ninodurevealarealite.fr\/wp-content\/uploads\/2025\/09\/nino.jpg",479,318,false],"large":["https:\/\/ninodurevealarealite.fr\/wp-content\/uploads\/2025\/09\/nino.jpg",479,318,false],"1536x1536":["https:\/\/ninodurevealarealite.fr\/wp-content\/uploads\/2025\/09\/nino.jpg",479,318,false],"2048x2048":["https:\/\/ninodurevealarealite.fr\/wp-content\/uploads\/2025\/09\/nino.jpg",479,318,false],"ocean-thumb-m":["https:\/\/ninodurevealarealite.fr\/wp-content\/uploads\/2025\/09\/nino.jpg",479,318,false],"ocean-thumb-ml":["https:\/\/ninodurevealarealite.fr\/wp-content\/uploads\/2025\/09\/nino.jpg",479,318,false],"ocean-thumb-l":["https:\/\/ninodurevealarealite.fr\/wp-content\/uploads\/2025\/09\/nino.jpg",479,318,false]},"uagb_author_info":{"display_name":"Marie LEGUEDEY","author_link":"https:\/\/ninodurevealarealite.fr\/index.php\/author\/mariel\/"},"uagb_comment_info":0,"uagb_excerpt":"L&#8217;Association Nino du R\u00eave \u00e0 la R\u00e9alit\u00e9 \u00a0 \u00a0 L\u2019association \u201cNino du R\u00eave \u00e0 la R\u00e9alit\u00e9\u201d est n\u00e9e le 14 juillet 2024. Suite \u00e0 notre v\u00e9cu, nous sommes maintenant conscients qu&#8217;il existe de nombreuses possibilit\u00e9s pour lutter contre les cons\u00e9quences de la pr\u00e9maturit\u00e9 et du polyhandicap. Notre but est d&#8217;apporter notre soutien aux enfants n\u00e9s&hellip;","_links":{"self":[{"href":"https:\/\/ninodurevealarealite.fr\/index.php\/wp-json\/wp\/v2\/pages\/9","targetHints":{"allow":["GET"]}}],"collection":[{"href":"https:\/\/ninodurevealarealite.fr\/index.php\/wp-json\/wp\/v2\/pages"}],"about":[{"href":"https:\/\/ninodurevealarealite.fr\/index.php\/wp-json\/wp\/v2\/types\/page"}],"author":[{"embeddable":true,"href":"https:\/\/ninodurevealarealite.fr\/index.php\/wp-json\/wp\/v2\/users\/2"}],"replies":[{"embeddable":true,"href":"https:\/\/ninodurevealarealite.fr\/index.php\/wp-json\/wp\/v2\/comments?post=9"}],"version-history":[{"count":59,"href":"https:\/\/ninodurevealarealite.fr\/index.php\/wp-json\/wp\/v2\/pages\/9\/revisions"}],"predecessor-version":[{"id":318,"href":"https:\/\/ninodurevealarealite.fr\/index.php\/wp-json\/wp\/v2\/pages\/9\/revisions\/318"}],"wp:featuredmedia":[{"embeddable":true,"href":"https:\/\/ninodurevealarealite.fr\/index.php\/wp-json\/wp\/v2\/media\/62"}],"wp:attachment":[{"href":"https:\/\/ninodurevealarealite.fr\/index.php\/wp-json\/wp\/v2\/media?parent=9"}],"curies":[{"name":"wp","href":"https:\/\/api.w.org\/{rel}","templated":true}]}}