{"id":258,"date":"2025-11-10T13:44:54","date_gmt":"2025-11-10T12:44:54","guid":{"rendered":"https:\/\/ninodurevealarealite.fr\/?page_id=258"},"modified":"2025-11-10T13:44:54","modified_gmt":"2025-11-10T12:44:54","slug":"nous-contacter","status":"publish","type":"page","link":"https:\/\/ninodurevealarealite.fr\/index.php\/nous-contacter\/","title":{"rendered":"Nous contacter"},"content":{"rendered":"","protected":false},"excerpt":{"rendered":"","protected":false},"author":2,"featured_media":0,"parent":0,"menu_order":0,"comment_status":"closed","ping_status":"closed","template":"","meta":{"_uag_custom_page_level_css":"","footnotes":""},"class_list":["post-258","page","type-page","status-publish","hentry","entry"],"yoast_head":"<!-- This site is optimized with the Yoast SEO plugin v27.3 - https:\/\/yoast.com\/product\/yoast-seo-wordpress\/ -->\n<title>Nous contacter - Association Nino du r\u00eave \u00e0 la r\u00e9alit\u00e9<\/title>\n<meta name=\"robots\" content=\"index, follow, max-snippet:-1, max-image-preview:large, max-video-preview:-1\" \/>\n<link rel=\"canonical\" href=\"https:\/\/ninodurevealarealite.fr\/index.php\/nous-contacter\/\" \/>\n<meta property=\"og:locale\" content=\"en_US\" \/>\n<meta property=\"og:type\" content=\"article\" \/>\n<meta property=\"og:title\" content=\"Nous contacter - Association Nino du r\u00eave \u00e0 la r\u00e9alit\u00e9\" \/>\n<meta property=\"og:url\" content=\"https:\/\/ninodurevealarealite.fr\/index.php\/nous-contacter\/\" \/>\n<meta property=\"og:site_name\" content=\"Association Nino du r\u00eave \u00e0 la r\u00e9alit\u00e9\" \/>\n<meta name=\"twitter:card\" content=\"summary_large_image\" \/>\n<script type=\"application\/ld+json\" class=\"yoast-schema-graph\">{\"@context\":\"https:\\\/\\\/schema.org\",\"@graph\":[{\"@type\":\"WebPage\",\"@id\":\"https:\\\/\\\/ninodurevealarealite.fr\\\/index.php\\\/nous-contacter\\\/\",\"url\":\"https:\\\/\\\/ninodurevealarealite.fr\\\/index.php\\\/nous-contacter\\\/\",\"name\":\"Nous contacter - Association Nino du r\u00eave \u00e0 la r\u00e9alit\u00e9\",\"isPartOf\":{\"@id\":\"https:\\\/\\\/ninodurevealarealite.fr\\\/#website\"},\"datePublished\":\"2025-11-10T12:44:54+00:00\",\"breadcrumb\":{\"@id\":\"https:\\\/\\\/ninodurevealarealite.fr\\\/index.php\\\/nous-contacter\\\/#breadcrumb\"},\"inLanguage\":\"en-US\",\"potentialAction\":[{\"@type\":\"ReadAction\",\"target\":[\"https:\\\/\\\/ninodurevealarealite.fr\\\/index.php\\\/nous-contacter\\\/\"]}]},{\"@type\":\"BreadcrumbList\",\"@id\":\"https:\\\/\\\/ninodurevealarealite.fr\\\/index.php\\\/nous-contacter\\\/#breadcrumb\",\"itemListElement\":[{\"@type\":\"ListItem\",\"position\":1,\"name\":\"Accueil\",\"item\":\"https:\\\/\\\/ninodurevealarealite.fr\\\/\"},{\"@type\":\"ListItem\",\"position\":2,\"name\":\"Nous contacter\"}]},{\"@type\":\"WebSite\",\"@id\":\"https:\\\/\\\/ninodurevealarealite.fr\\\/#website\",\"url\":\"https:\\\/\\\/ninodurevealarealite.fr\\\/\",\"name\":\"Association Nino du r\u00eave \u00e0 la r\u00e9alit\u00e9\",\"description\":\"Du R\u00eave \u00e0 la R\u00e9alit\u00e9\",\"publisher\":{\"@id\":\"https:\\\/\\\/ninodurevealarealite.fr\\\/#organization\"},\"potentialAction\":[{\"@type\":\"SearchAction\",\"target\":{\"@type\":\"EntryPoint\",\"urlTemplate\":\"https:\\\/\\\/ninodurevealarealite.fr\\\/?s={search_term_string}\"},\"query-input\":{\"@type\":\"PropertyValueSpecification\",\"valueRequired\":true,\"valueName\":\"search_term_string\"}}],\"inLanguage\":\"en-US\"},{\"@type\":\"Organization\",\"@id\":\"https:\\\/\\\/ninodurevealarealite.fr\\\/#organization\",\"name\":\"Association Nino du r\u00eave \u00e0 la r\u00e9alit\u00e9\",\"url\":\"https:\\\/\\\/ninodurevealarealite.fr\\\/\",\"logo\":{\"@type\":\"ImageObject\",\"inLanguage\":\"en-US\",\"@id\":\"https:\\\/\\\/ninodurevealarealite.fr\\\/#\\\/schema\\\/logo\\\/image\\\/\",\"url\":\"https:\\\/\\\/ninodurevealarealite.fr\\\/wp-content\\\/uploads\\\/2025\\\/10\\\/Page-telechargement-Quentin.png\",\"contentUrl\":\"https:\\\/\\\/ninodurevealarealite.fr\\\/wp-content\\\/uploads\\\/2025\\\/10\\\/Page-telechargement-Quentin.png\",\"width\":683,\"height\":384,\"caption\":\"Association Nino du r\u00eave \u00e0 la r\u00e9alit\u00e9\"},\"image\":{\"@id\":\"https:\\\/\\\/ninodurevealarealite.fr\\\/#\\\/schema\\\/logo\\\/image\\\/\"}}]}<\/script>\n<!-- \/ Yoast SEO plugin. -->","yoast_head_json":{"title":"Nous contacter - Association Nino du r\u00eave \u00e0 la r\u00e9alit\u00e9","robots":{"index":"index","follow":"follow","max-snippet":"max-snippet:-1","max-image-preview":"max-image-preview:large","max-video-preview":"max-video-preview:-1"},"canonical":"https:\/\/ninodurevealarealite.fr\/index.php\/nous-contacter\/","og_locale":"en_US","og_type":"article","og_title":"Nous contacter - Association Nino du r\u00eave \u00e0 la r\u00e9alit\u00e9","og_url":"https:\/\/ninodurevealarealite.fr\/index.php\/nous-contacter\/","og_site_name":"Association Nino du r\u00eave \u00e0 la r\u00e9alit\u00e9","twitter_card":"summary_large_image","schema":{"@context":"https:\/\/schema.org","@graph":[{"@type":"WebPage","@id":"https:\/\/ninodurevealarealite.fr\/index.php\/nous-contacter\/","url":"https:\/\/ninodurevealarealite.fr\/index.php\/nous-contacter\/","name":"Nous contacter - Association Nino du r\u00eave \u00e0 la r\u00e9alit\u00e9","isPartOf":{"@id":"https:\/\/ninodurevealarealite.fr\/#website"},"datePublished":"2025-11-10T12:44:54+00:00","breadcrumb":{"@id":"https:\/\/ninodurevealarealite.fr\/index.php\/nous-contacter\/#breadcrumb"},"inLanguage":"en-US","potentialAction":[{"@type":"ReadAction","target":["https:\/\/ninodurevealarealite.fr\/index.php\/nous-contacter\/"]}]},{"@type":"BreadcrumbList","@id":"https:\/\/ninodurevealarealite.fr\/index.php\/nous-contacter\/#breadcrumb","itemListElement":[{"@type":"ListItem","position":1,"name":"Accueil","item":"https:\/\/ninodurevealarealite.fr\/"},{"@type":"ListItem","position":2,"name":"Nous contacter"}]},{"@type":"WebSite","@id":"https:\/\/ninodurevealarealite.fr\/#website","url":"https:\/\/ninodurevealarealite.fr\/","name":"Association Nino du r\u00eave \u00e0 la r\u00e9alit\u00e9","description":"Du R\u00eave \u00e0 la R\u00e9alit\u00e9","publisher":{"@id":"https:\/\/ninodurevealarealite.fr\/#organization"},"potentialAction":[{"@type":"SearchAction","target":{"@type":"EntryPoint","urlTemplate":"https:\/\/ninodurevealarealite.fr\/?s={search_term_string}"},"query-input":{"@type":"PropertyValueSpecification","valueRequired":true,"valueName":"search_term_string"}}],"inLanguage":"en-US"},{"@type":"Organization","@id":"https:\/\/ninodurevealarealite.fr\/#organization","name":"Association Nino du r\u00eave \u00e0 la r\u00e9alit\u00e9","url":"https:\/\/ninodurevealarealite.fr\/","logo":{"@type":"ImageObject","inLanguage":"en-US","@id":"https:\/\/ninodurevealarealite.fr\/#\/schema\/logo\/image\/","url":"https:\/\/ninodurevealarealite.fr\/wp-content\/uploads\/2025\/10\/Page-telechargement-Quentin.png","contentUrl":"https:\/\/ninodurevealarealite.fr\/wp-content\/uploads\/2025\/10\/Page-telechargement-Quentin.png","width":683,"height":384,"caption":"Association Nino du r\u00eave \u00e0 la r\u00e9alit\u00e9"},"image":{"@id":"https:\/\/ninodurevealarealite.fr\/#\/schema\/logo\/image\/"}}]}},"uagb_featured_image_src":{"full":false,"thumbnail":false,"medium":false,"medium_large":false,"large":false,"1536x1536":false,"2048x2048":false,"ocean-thumb-m":false,"ocean-thumb-ml":false,"ocean-thumb-l":false},"uagb_author_info":{"display_name":"Marie LEGUEDEY","author_link":"https:\/\/ninodurevealarealite.fr\/index.php\/author\/mariel\/"},"uagb_comment_info":0,"uagb_excerpt":null,"_links":{"self":[{"href":"https:\/\/ninodurevealarealite.fr\/index.php\/wp-json\/wp\/v2\/pages\/258","targetHints":{"allow":["GET"]}}],"collection":[{"href":"https:\/\/ninodurevealarealite.fr\/index.php\/wp-json\/wp\/v2\/pages"}],"about":[{"href":"https:\/\/ninodurevealarealite.fr\/index.php\/wp-json\/wp\/v2\/types\/page"}],"author":[{"embeddable":true,"href":"https:\/\/ninodurevealarealite.fr\/index.php\/wp-json\/wp\/v2\/users\/2"}],"replies":[{"embeddable":true,"href":"https:\/\/ninodurevealarealite.fr\/index.php\/wp-json\/wp\/v2\/comments?post=258"}],"version-history":[{"count":1,"href":"https:\/\/ninodurevealarealite.fr\/index.php\/wp-json\/wp\/v2\/pages\/258\/revisions"}],"predecessor-version":[{"id":259,"href":"https:\/\/ninodurevealarealite.fr\/index.php\/wp-json\/wp\/v2\/pages\/258\/revisions\/259"}],"wp:attachment":[{"href":"https:\/\/ninodurevealarealite.fr\/index.php\/wp-json\/wp\/v2\/media?parent=258"}],"curies":[{"name":"wp","href":"https:\/\/api.w.org\/{rel}","templated":true}]}}